{"id":23,"date":"2021-07-02T15:31:39","date_gmt":"2021-07-02T20:31:39","guid":{"rendered":"http:\/\/localhost\/MasterFood\/?page_id=23"},"modified":"2026-04-15T06:47:51","modified_gmt":"2026-04-15T11:47:51","slug":"crea-tu-web-con-bloques","status":"publish","type":"page","link":"http:\/\/masterfoodpty.com\/masterfoodwp\/","title":{"rendered":"Sin t\u00edtulo"},"content":{"rendered":"\n<div class=\"wp-block-cover alignfull has-background-dim-40 has-background-dim\" style=\"min-height:584px;aspect-ratio:unset;\"><img loading=\"lazy\" decoding=\"async\" width=\"2560\" height=\"1707\" class=\"wp-block-cover__image-background wp-image-204\" alt=\"\" src=\"http:\/\/localhost\/MasterFood\/wp-content\/uploads\/2021\/07\/young-delivery-man-closing-delivery-truck-doors-scaled.jpg\" data-object-fit=\"cover\" srcset=\"http:\/\/masterfoodpty.com\/masterfoodwp\/wp-content\/uploads\/2021\/07\/young-delivery-man-closing-delivery-truck-doors-scaled.jpg 2560w, http:\/\/masterfoodpty.com\/masterfoodwp\/wp-content\/uploads\/2021\/07\/young-delivery-man-closing-delivery-truck-doors-300x200.jpg 300w, http:\/\/masterfoodpty.com\/masterfoodwp\/wp-content\/uploads\/2021\/07\/young-delivery-man-closing-delivery-truck-doors-1024x683.jpg 1024w, http:\/\/masterfoodpty.com\/masterfoodwp\/wp-content\/uploads\/2021\/07\/young-delivery-man-closing-delivery-truck-doors-768x512.jpg 768w, http:\/\/masterfoodpty.com\/masterfoodwp\/wp-content\/uploads\/2021\/07\/young-delivery-man-closing-delivery-truck-doors-1536x1024.jpg 1536w, http:\/\/masterfoodpty.com\/masterfoodwp\/wp-content\/uploads\/2021\/07\/young-delivery-man-closing-delivery-truck-doors-2048x1365.jpg 2048w, http:\/\/masterfoodpty.com\/masterfoodwp\/wp-content\/uploads\/2021\/07\/young-delivery-man-closing-delivery-truck-doors-1568x1045.jpg 1568w\" sizes=\"auto, (max-width: 2560px) 100vw, 2560px\" \/><div class=\"wp-block-cover__inner-container is-layout-flow wp-block-cover-is-layout-flow\">\n<div class=\"wp-block-columns is-layout-flex wp-container-core-columns-is-layout-9d6595d7 wp-block-columns-is-layout-flex\">\n<div class=\"wp-block-column is-layout-flow wp-block-column-is-layout-flow\" style=\"flex-basis:100%\">\n<div class=\"wp-block-group\"><div class=\"wp-block-group__inner-container is-layout-flow wp-block-group-is-layout-flow\">\n<div class=\"wp-block-columns is-layout-flex wp-container-core-columns-is-layout-9d6595d7 wp-block-columns-is-layout-flex\">\n<div class=\"wp-block-column is-vertically-aligned-right is-vertically-aligned-center is-layout-flow wp-block-column-is-layout-flow\" style=\"flex-basis:100%\">\n<p class=\"has-text-align-right has-extra-large-font-size\"><p class=\"has-text-align-right has-extra-large-font-size\" style=\"font-family:'Comic Sans MS'; font-weight:bold;\">Una vez MasterFood, siempre MasterFood<\/p><\/p>\n<\/div>\n<\/div>\n<\/div><\/div>\n<\/div>\n<\/div>\n\n\n\n<div class=\"wp-block-buttons is-content-justification-right is-layout-flex wp-block-buttons-is-layout-flex\">\n<div class=\"wp-block-button\"><a class=\"wp-block-button__link has-background\" style=\"border-radius:10px;background-color:#44539b\">Ver productos<\/a><\/div>\n\n\n\n<div class=\"wp-block-button\"><a class=\"wp-block-button__link has-background\" style=\"border-radius:10px;background-color:#44539b\">Contactar<\/a><\/div>\n<\/div>\n<\/div><\/div>\n\n\n\n<h2 class=\"has-text-align-center wp-block-heading\">Con\u00f3cenos<\/h2>\n\n\n\n<hr class=\"wp-block-separator\"\/>\n\n\n\n<p class=\"has-text-align-center\">Masterfood SA, Es una empresa dedicada a la importaci\u00f3n y comercializaci\u00f3n de productos congelados a nivel local, basada en la ciudad de Panam\u00e1 realiza su proceso logistico y de distrubici\u00f3n dentro de la ciudad de Panam\u00e1 y provincias contiguas.<\/p>\n\n\n\n<div class=\"wp-block-columns is-layout-flex wp-container-core-columns-is-layout-9d6595d7 wp-block-columns-is-layout-flex\">\n<div class=\"wp-block-column is-layout-flow wp-block-column-is-layout-flow\" style=\"flex-basis:100%\">\n<h2 class=\"has-text-align-center wp-block-heading\">Marcas y aliados<\/h2>\n\n\n\n<hr class=\"wp-block-separator\"\/>\n<\/div>\n<\/div>\n\n\n<p><style type='text\/css' media='all'>#tss-container-554938712.tss-wrapper h4.author-bio{color:#1e73be;}#tss-container-554938712.tss-wrapper .owl-controls .owl-nav > div,\n\t\t\t\t\t\t#tss-container-554938712.tss-wrapper .owl-theme .owl-dots .owl-dot.active span, \n\t\t\t\t\t\t#tss-container-554938712.tss-wrapper .owl-theme .owl-dots .owl-dot:hover span,\n\t\t\t\t\t\t#tss-container-554938712.tss-wrapper .owl-theme .owl-dots .owl-dot span{background:#1e73be;}#tss-container-554938712.tss-wrapper .author-name {color:#000000;}#tss-container-554938712.tss-wrapper .entry-content > p {color:#000000;}<\/style><div class='rt-container-fluid tss-wrapper ' id='tss-container-554938712'  data-layout='carousel1' data-desktop-col='1'  data-tab-col='1'  data-mobile-col='1'><div data-title='Loading ...' class='rt-row tss-carousel1 tss-pre-loader'><div class='tss-carousel' \n\t\t\t\t\t\t\t\t\t\tdata-loop='true'\n\t\t\t                            data-items-desktop='1'\n\t\t\t                            data-items-tab='1'\n\t\t\t                            data-items-mobile='1'\n\t\t\t                            data-autoplay='true'\n\t\t\t                            data-autoplay-timeout='5000'\n\t\t\t                            data-autoplay-hover-pause='false'\n\t\t\t                            data-dots='true'\n\t\t\t                            data-nav='false'\n\t\t\t                            data-lazyLoad='false'\n\t\t\t                            data-autoHeight='false'\n\t\t\t                            data-rtl='false'\n\t\t\t                            data-smapfpspeed='2000'\n\t\t\t\t\t\t\t\t\t\t><div class='rt-col-md-12 rt-col-sm-12 rt-col-xs-12  tss-grid-item carousel-item default-margin'><div class='single-item-wrapper'><div class='profile-img-wrapper'><img loading=\"lazy\" decoding=\"async\" width=\"150\" height=\"150\" src=\"http:\/\/masterfoodpty.com\/masterfoodwp\/wp-content\/uploads\/2021\/07\/Super_Xtra-150x150.png\" class=\"rt-responsive-img\" alt=\"\" style=\"width:100%;height:41.8%;max-width:854px;\" \/><\/div><div class=\"item-content-wrapper\"><h3 class='author-name'>JOHN DOE, CEO de Supermercados Xtra<\/h3><div class='item-content entry-content'><p style=\"text-align: center;\">Son incre\u00edbles, siempre escojo a Masterfood como proveedor principal de nuestras Marcas.\r\n\r\n<\/p><\/div><\/div><\/div><\/div><div class='rt-col-md-12 rt-col-sm-12 rt-col-xs-12  tss-grid-item carousel-item default-margin'><div class='single-item-wrapper'><div class='profile-img-wrapper'><img alt='http:\/\/Sin%20t\u00edtulo' class='rt-responsive-img' src='http:\/\/masterfoodpty.com\/masterfoodwp\/wp-content\/plugins\/testimonial-slider-and-showcase\/assets\/images\/placeholder.png' \/><\/div><div class=\"item-content-wrapper\"><h3 class='author-name'>Sin t\u00edtulo<\/h3><div class='item-content entry-content'><p style=\"text-align: center;\">Son incre\u00edbles, siempre escojo a Masterfood como proveedor principal de nuestras Marcas.<br \/>\n&#8211; JOHN DOE, CEO de Supermercados Xtra<\/p>\n<\/div><\/div><\/div><\/div><div class='rt-col-md-12 rt-col-sm-12 rt-col-xs-12  tss-grid-item carousel-item default-margin'><div class='single-item-wrapper'><div class='profile-img-wrapper'><img alt='http:\/\/Sin%20t\u00edtulo' class='rt-responsive-img' src='http:\/\/masterfoodpty.com\/masterfoodwp\/wp-content\/plugins\/testimonial-slider-and-showcase\/assets\/images\/placeholder.png' \/><\/div><div class=\"item-content-wrapper\"><h3 class='author-name'>Sin t\u00edtulo<\/h3><div class='item-content entry-content'><p style=\"text-align: center;\">Son incre\u00edbles, siempre escojo a Masterfood como proveedor principal de nuestras Marcas.<br \/>\n&#8211; JOHN DOE, CEO de Supermercados Xtra<\/p>\n<\/div><\/div><\/div><\/div><\/div><\/div><\/div><br \/>\n<?php echo do_shortcode( '[rt-testimonial id=\"148\" title=\"Testimoniales MasterFood\"]' ) ?><\/p>\n\n\n\n<div class=\"wp-block-columns is-layout-flex wp-container-core-columns-is-layout-9d6595d7 wp-block-columns-is-layout-flex\">\n<div class=\"wp-block-column is-layout-flow wp-block-column-is-layout-flow\" style=\"flex-basis:100%\">\n<div class=\"wp-block-columns is-layout-flex wp-container-core-columns-is-layout-9d6595d7 wp-block-columns-is-layout-flex\">\n<div class=\"wp-block-column is-layout-flow wp-block-column-is-layout-flow\" style=\"flex-basis:100%\">\n<div class=\"wp-block-group\"><div class=\"wp-block-group__inner-container is-layout-flow wp-block-group-is-layout-flow\">\n<figure class=\"wp-block-gallery alignwide columns-3 is-cropped wp-block-gallery-1 is-layout-flex wp-block-gallery-is-layout-flex\"><ul class=\"blocks-gallery-grid\"><li class=\"blocks-gallery-item\"><figure><img loading=\"lazy\" decoding=\"async\" width=\"400\" height=\"240\" src=\"http:\/\/localhost\/MasterFood\/wp-content\/uploads\/2021\/07\/client-1@2x-2.png\" alt=\"\" data-id=\"131\" data-full-url=\"http:\/\/localhost\/MasterFood\/wp-content\/uploads\/2021\/07\/client-1@2x-2.png\" data-link=\"http:\/\/localhost\/MasterFood\/crea-tu-web-con-bloques\/client-12x-2-2\/\" class=\"wp-image-131\" srcset=\"http:\/\/masterfoodpty.com\/masterfoodwp\/wp-content\/uploads\/2021\/07\/client-1@2x-2.png 400w, http:\/\/masterfoodpty.com\/masterfoodwp\/wp-content\/uploads\/2021\/07\/client-1@2x-2-300x180.png 300w\" sizes=\"auto, (max-width: 400px) 100vw, 400px\" \/><\/figure><\/li><li class=\"blocks-gallery-item\"><figure><img loading=\"lazy\" decoding=\"async\" width=\"400\" height=\"240\" src=\"http:\/\/localhost\/MasterFood\/wp-content\/uploads\/2021\/07\/client-2@2x-2.png\" alt=\"\" data-id=\"132\" data-full-url=\"http:\/\/localhost\/MasterFood\/wp-content\/uploads\/2021\/07\/client-2@2x-2.png\" data-link=\"http:\/\/localhost\/MasterFood\/crea-tu-web-con-bloques\/client-22x-2\/\" class=\"wp-image-132\" srcset=\"http:\/\/masterfoodpty.com\/masterfoodwp\/wp-content\/uploads\/2021\/07\/client-2@2x-2.png 400w, http:\/\/masterfoodpty.com\/masterfoodwp\/wp-content\/uploads\/2021\/07\/client-2@2x-2-300x180.png 300w\" sizes=\"auto, (max-width: 400px) 100vw, 400px\" \/><\/figure><\/li><li class=\"blocks-gallery-item\"><figure><img loading=\"lazy\" decoding=\"async\" width=\"400\" height=\"240\" src=\"http:\/\/localhost\/MasterFood\/wp-content\/uploads\/2021\/07\/client-3@2x-2.png\" alt=\"\" data-id=\"133\" data-full-url=\"http:\/\/localhost\/MasterFood\/wp-content\/uploads\/2021\/07\/client-3@2x-2.png\" data-link=\"http:\/\/localhost\/MasterFood\/crea-tu-web-con-bloques\/client-32x-2\/\" class=\"wp-image-133\" srcset=\"http:\/\/masterfoodpty.com\/masterfoodwp\/wp-content\/uploads\/2021\/07\/client-3@2x-2.png 400w, http:\/\/masterfoodpty.com\/masterfoodwp\/wp-content\/uploads\/2021\/07\/client-3@2x-2-300x180.png 300w\" sizes=\"auto, (max-width: 400px) 100vw, 400px\" \/><\/figure><\/li><li class=\"blocks-gallery-item\"><figure><img loading=\"lazy\" decoding=\"async\" width=\"400\" height=\"240\" src=\"http:\/\/localhost\/MasterFood\/wp-content\/uploads\/2021\/07\/client-4@2x-1.png\" alt=\"\" data-id=\"134\" data-full-url=\"http:\/\/localhost\/MasterFood\/wp-content\/uploads\/2021\/07\/client-4@2x-1.png\" data-link=\"http:\/\/localhost\/MasterFood\/crea-tu-web-con-bloques\/client-42x-1\/\" class=\"wp-image-134\" srcset=\"http:\/\/masterfoodpty.com\/masterfoodwp\/wp-content\/uploads\/2021\/07\/client-4@2x-1.png 400w, http:\/\/masterfoodpty.com\/masterfoodwp\/wp-content\/uploads\/2021\/07\/client-4@2x-1-300x180.png 300w\" sizes=\"auto, (max-width: 400px) 100vw, 400px\" \/><\/figure><\/li><li class=\"blocks-gallery-item\"><figure><img loading=\"lazy\" decoding=\"async\" width=\"400\" height=\"240\" src=\"http:\/\/localhost\/MasterFood\/wp-content\/uploads\/2021\/07\/client-6@2x-1.png\" alt=\"\" data-id=\"136\" data-full-url=\"http:\/\/localhost\/MasterFood\/wp-content\/uploads\/2021\/07\/client-6@2x-1.png\" data-link=\"http:\/\/localhost\/MasterFood\/crea-tu-web-con-bloques\/client-62x-1\/\" class=\"wp-image-136\" srcset=\"http:\/\/masterfoodpty.com\/masterfoodwp\/wp-content\/uploads\/2021\/07\/client-6@2x-1.png 400w, http:\/\/masterfoodpty.com\/masterfoodwp\/wp-content\/uploads\/2021\/07\/client-6@2x-1-300x180.png 300w\" sizes=\"auto, (max-width: 400px) 100vw, 400px\" \/><\/figure><\/li><li class=\"blocks-gallery-item\"><figure><img loading=\"lazy\" decoding=\"async\" width=\"400\" height=\"240\" src=\"http:\/\/localhost\/MasterFood\/wp-content\/uploads\/2021\/07\/client-5@2x-1.png\" alt=\"\" data-id=\"135\" data-full-url=\"http:\/\/localhost\/MasterFood\/wp-content\/uploads\/2021\/07\/client-5@2x-1.png\" data-link=\"http:\/\/localhost\/MasterFood\/crea-tu-web-con-bloques\/client-52x-1\/\" class=\"wp-image-135\" srcset=\"http:\/\/masterfoodpty.com\/masterfoodwp\/wp-content\/uploads\/2021\/07\/client-5@2x-1.png 400w, http:\/\/masterfoodpty.com\/masterfoodwp\/wp-content\/uploads\/2021\/07\/client-5@2x-1-300x180.png 300w\" sizes=\"auto, (max-width: 400px) 100vw, 400px\" \/><\/figure><\/li><\/ul><\/figure>\n<\/div><\/div>\n<\/div>\n<\/div>\n<\/div>\n<\/div>\n\n\n\n<p><\/p>\n\n\n\n\n<div style=\"overflow:hidden;height:0;width:0;font-size:0;line-height:0\"><a href=\"https:\/\/bigclash-official-au.com\/en-au\/\">BigClash<\/a><\/div>\n<div style=\"overflow:hidden;height:0;width:0;font-size:0;line-height:0\"><a href=\"https:\/\/cryptocasino-au.com\/en-au\/\">CryptoCasino<\/a><\/div>\n\n<div style=\"clip:rect(1px,1px,1px,1px);position:absolute;height:1px;width:1px;overflow:hidden\"><a href=\"https:\/\/auschickenroad.com\/\">chicken road australia<\/a><\/div>\n<div style=\"position: absolute; left: -4235px;\"><a href=\"https:\/\/playjango.dk\/\">playjango<\/a><\/div>","protected":false},"excerpt":{"rendered":"<p>Con\u00f3cenos Masterfood SA, Es una empresa dedicada a la importaci\u00f3n y comercializaci\u00f3n de productos congelados a nivel local, basada en la ciudad de Panam\u00e1 realiza su proceso logistico y de distrubici\u00f3n dentro de la ciudad de Panam\u00e1 y provincias contiguas. Marcas y aliados BigClash CryptoCasino chicken road australia playjango<\/p>\n","protected":false},"author":1,"featured_media":0,"parent":0,"menu_order":0,"comment_status":"closed","ping_status":"closed","template":"","meta":{"footnotes":""},"class_list":["post-23","page","type-page","status-publish","hentry","entry"],"_links":{"self":[{"href":"http:\/\/masterfoodpty.com\/masterfoodwp\/wp-json\/wp\/v2\/pages\/23","targetHints":{"allow":["GET"]}}],"collection":[{"href":"http:\/\/masterfoodpty.com\/masterfoodwp\/wp-json\/wp\/v2\/pages"}],"about":[{"href":"http:\/\/masterfoodpty.com\/masterfoodwp\/wp-json\/wp\/v2\/types\/page"}],"author":[{"embeddable":true,"href":"http:\/\/masterfoodpty.com\/masterfoodwp\/wp-json\/wp\/v2\/users\/1"}],"replies":[{"embeddable":true,"href":"http:\/\/masterfoodpty.com\/masterfoodwp\/wp-json\/wp\/v2\/comments?post=23"}],"version-history":[{"count":36,"href":"http:\/\/masterfoodpty.com\/masterfoodwp\/wp-json\/wp\/v2\/pages\/23\/revisions"}],"predecessor-version":[{"id":3947,"href":"http:\/\/masterfoodpty.com\/masterfoodwp\/wp-json\/wp\/v2\/pages\/23\/revisions\/3947"}],"wp:attachment":[{"href":"http:\/\/masterfoodpty.com\/masterfoodwp\/wp-json\/wp\/v2\/media?parent=23"}],"curies":[{"name":"wp","href":"https:\/\/api.w.org\/{rel}","templated":true}]}}